{"id":31,"date":"2020-08-13T23:54:39","date_gmt":"2020-08-13T20:54:39","guid":{"rendered":"https:\/\/dev.vaihe.fi\/htk-wordpress\/?page_id=31"},"modified":"2025-02-21T13:15:55","modified_gmt":"2025-02-21T13:15:55","slug":"galleria","status":"publish","type":"page","link":"https:\/\/muodostelmaluistelu.com\/?page_id=31","title":{"rendered":"Media ja valokuvaajat"},"content":{"rendered":"\n<h2 class=\"wp-block-heading has-text-color\" style=\"color:#0053a1\">Median edustajille<\/h2>\n\n\n\n<p>Median edustajia pyydet\u00e4\u00e4n ilmoittamaan saapumisestaan ennakkoon s\u00e4hk\u00f6postitse osoitteeseen <a href=\"mailto:kilpailut@helsingintaitoluisteluklubi.com\">kilpailut@helsingintaitoluisteluklubi.com<\/a>.<\/p>\n\n\n\n<p>Median sis\u00e4\u00e4nk\u00e4ynti tapahtuu kilpailutoimiston kautta, j\u00e4\u00e4hallin D-ovista.<\/p>\n\n\n\n<h2 class=\"wp-block-heading has-text-color\" style=\"color:#0053a1\">Valokuvaus ja videokuvaus kisoissa<\/h2>\n\n\n\n<p>Valokuvat ovat t\u00e4rke\u00e4 osa tapahtumaa. Noudatamme kuvauksen osalta Suomen Taitoluisteluliiton ohjeita.<\/p>\n\n\n\n<p>Joukkueiden omat kuvaajat ( 1 per joukkue) on ilmoitettu teht\u00e4v\u00e4\u00e4n etuk\u00e4teen joukkueen toimihenkil\u00f6in\u00e4 Taikkarin kautta ja heill\u00e4 tulee olla toimihenkil\u00f6passi. <\/p>\n\n\n\n<p>Pyyd\u00e4mme muita kuvaajia ilmoittautumaan etuk\u00e4teen kilpailun j\u00e4rjest\u00e4j\u00e4lle osoitteeseen <a href=\"kilpailut@helsingintaitoluisteluklubi.com\">kilpailut@helsingintaitoluisteluklubi.com<\/a>. <\/p>\n\n\n\n<p>Etuk\u00e4teen ilmoittautuneiden kuvaajien sis\u00e4\u00e4nk\u00e4ynti tapahtuu kilpailutoimiston kautta, j\u00e4\u00e4hallin D-ovista. <\/p>\n\n\n\n<p>Suomen Taitoluisteluliitolla ja j\u00e4rjest\u00e4v\u00e4ll\u00e4 seuralla on kilpailussa omat nimetyt valokuvaajansa. Seuran, Liiton ja joukkueiden kuvaajilla sek\u00e4 median edustajilla on etuoikeus j\u00e4rjest\u00e4j\u00e4n osoittamiin kuvauspaikkoihin.<\/p>\n\n\n\n<p>Joukkueiden nimetyt kuvaajat voivat videokuvata joukkueen omat suoritukset samoin kuin kisaj\u00e4rjest\u00e4jilt\u00e4 videokuvaukseen erikseen luvan saaneet henkil\u00f6t.<\/p>\n\n\n\n<h2 class=\"wp-block-heading has-text-color\" style=\"color:#0053a1\">Hienovarainen kuvaaminen<\/h2>\n\n\n\n<p>J\u00e4\u00e4ll\u00e4 on nuoria urheilijoita. Kannustamme sinua ottamaan n\u00e4ytt\u00e4vi\u00e4 valokuvia, jossa lajin tekninen haastavuus ja hienous tulee esiin tavalla, joka on luistelijan kannalta kunnioittava. Paljastavat tai yksityiskohtaiset valokuvat urheilijoista kilpailuasuissa kuuluvat menneille vuosikymmenille. Kiitos, ett\u00e4 kunnioitat urheilijoita ja heid\u00e4n suoritusrauhaansa omalla ty\u00f6ll\u00e4si!<\/p>\n\n\n\n<p class=\"has-text-color\" style=\"color:#0053a1\"><br><\/p>\n\n\n\n<figure class=\"wp-block-image is-style-default\"><img loading=\"lazy\" decoding=\"async\" width=\"720\" height=\"405\" src=\"https:\/\/muodostelmaluistelu.com\/wp-content\/uploads\/2021\/11\/MLSM-1.VK_kartta-medialle-1.png\" alt=\"\" class=\"wp-image-730\" srcset=\"https:\/\/muodostelmaluistelu.com\/wp-content\/uploads\/2021\/11\/MLSM-1.VK_kartta-medialle-1.png 720w, https:\/\/muodostelmaluistelu.com\/wp-content\/uploads\/2021\/11\/MLSM-1.VK_kartta-medialle-1-300x169.png 300w\" sizes=\"auto, (max-width: 720px) 100vw, 720px\" \/><\/figure>\n\n\n\n<p><\/p>\n","protected":false},"excerpt":{"rendered":"<p>Median edustajille Median edustajia pyydet\u00e4\u00e4n ilmoittamaan saapumisestaan ennakkoon s\u00e4hk\u00f6postitse osoitteeseen kilpailut@helsingintaitoluisteluklubi.com. Median sis\u00e4\u00e4nk\u00e4ynti tapahtuu kilpailutoimiston kautta, j\u00e4\u00e4hallin D-ovista. Valokuvaus ja videokuvaus kisoissa Valokuvat ovat t\u00e4rke\u00e4 osa tapahtumaa. Noudatamme kuvauksen osalta Suomen Taitoluisteluliiton ohjeita. Joukkueiden omat kuvaajat ( 1 per joukkue) on ilmoitettu teht\u00e4v\u00e4\u00e4n etuk\u00e4teen joukkueen toimihenkil\u00f6in\u00e4 Taikkarin kautta ja heill\u00e4 tulee olla toimihenkil\u00f6passi. Pyyd\u00e4mme muita [&hellip;]<\/p>\n","protected":false},"author":1,"featured_media":0,"parent":0,"menu_order":0,"comment_status":"closed","ping_status":"closed","template":"galleria-page.php","meta":{"footnotes":""},"class_list":["post-31","page","type-page","status-publish","hentry"],"_links":{"self":[{"href":"https:\/\/muodostelmaluistelu.com\/index.php?rest_route=\/wp\/v2\/pages\/31","targetHints":{"allow":["GET"]}}],"collection":[{"href":"https:\/\/muodostelmaluistelu.com\/index.php?rest_route=\/wp\/v2\/pages"}],"about":[{"href":"https:\/\/muodostelmaluistelu.com\/index.php?rest_route=\/wp\/v2\/types\/page"}],"author":[{"embeddable":true,"href":"https:\/\/muodostelmaluistelu.com\/index.php?rest_route=\/wp\/v2\/users\/1"}],"replies":[{"embeddable":true,"href":"https:\/\/muodostelmaluistelu.com\/index.php?rest_route=%2Fwp%2Fv2%2Fcomments&post=31"}],"version-history":[{"count":26,"href":"https:\/\/muodostelmaluistelu.com\/index.php?rest_route=\/wp\/v2\/pages\/31\/revisions"}],"predecessor-version":[{"id":1487,"href":"https:\/\/muodostelmaluistelu.com\/index.php?rest_route=\/wp\/v2\/pages\/31\/revisions\/1487"}],"wp:attachment":[{"href":"https:\/\/muodostelmaluistelu.com\/index.php?rest_route=%2Fwp%2Fv2%2Fmedia&parent=31"}],"curies":[{"name":"wp","href":"https:\/\/api.w.org\/{rel}","templated":true}]}}