{"id":199,"date":"2021-09-12T10:53:21","date_gmt":"2021-09-12T10:53:21","guid":{"rendered":"https:\/\/muodostelmaluistelu.com\/?page_id=199"},"modified":"2025-03-07T13:34:35","modified_gmt":"2025-03-07T13:34:35","slug":"yhteistyokumppanit-2","status":"publish","type":"page","link":"https:\/\/muodostelmaluistelu.com\/?page_id=199","title":{"rendered":"Yhteisty\u00f6kumppanit"},"content":{"rendered":"\n<h2 class=\"wp-block-heading has-text-color\" style=\"color:#0053a1\">Helsingin taitoluisteluklubin yhteisty\u00f6kumppanit<\/h2>\n\n\n\n<div class=\"wp-block-media-text alignwide is-stacked-on-mobile\"><figure class=\"wp-block-media-text__media\"><img decoding=\"async\" src=\"https:\/\/helsinkirockettes.fi\/wp-content\/uploads\/2021\/09\/ladyt_logo_web-f6918633-52d6-4d89-afce-e3e04e608e7c_s638x0_q80_noupscale.jpg\" alt=\"Ladyt kuntokeskus naisille\" class=\"wp-image-369 size-full\"\/><\/figure><div class=\"wp-block-media-text__content\">\n<h2 class=\"wp-block-heading\">LADYT<\/h2>\n\n\n\n<p>Ladyt Myyrm\u00e4ki ja Kannelm\u00e4ki tarjoaa monipuoliset kuntosali- ja kuntokeskuspalvelut naisille. Molemmat keskukset sijaitsevat juna-asemien vierell\u00e4 hyvien kulkuyhteyksien varrella. Palveluistamme l\u00f6ytyy vaikuttava ryhm\u00e4liikuntakattaus, monipuolinen kuntosali, personal training, sauna, infrapunasauna, hierovat tuolit ja aamupala. Lis\u00e4ksi SLIMYONIK -hierontahoito ja NEUROSONIC -rentoutushoito. Verkkosivuiltamme bongaat ajankohtaiset tiedot ja huikeat tarjoukset!<\/p>\n\n\n\n<p><a href=\"https:\/\/www.ladyt.fi\/\">www.ladyt.fi   &nbsp;<\/a><a href=\"https:\/\/www.facebook.com\/Ladyt.fi\/\">www.facebook.com\/Ladyt.fi<\/a><\/p>\n<\/div><\/div>\n\n\n\n<div class=\"wp-block-media-text alignwide is-stacked-on-mobile\"><figure class=\"wp-block-media-text__media\"><img loading=\"lazy\" decoding=\"async\" width=\"976\" height=\"703\" src=\"https:\/\/muodostelmaluistelu.com\/wp-content\/uploads\/2025\/03\/dove_2025ai.png\" alt=\"\" class=\"wp-image-1535 size-full\" srcset=\"https:\/\/muodostelmaluistelu.com\/wp-content\/uploads\/2025\/03\/dove_2025ai.png 976w, https:\/\/muodostelmaluistelu.com\/wp-content\/uploads\/2025\/03\/dove_2025ai-300x216.png 300w, https:\/\/muodostelmaluistelu.com\/wp-content\/uploads\/2025\/03\/dove_2025ai-768x553.png 768w\" sizes=\"auto, (max-width: 976px) 100vw, 976px\" \/><\/figure><div class=\"wp-block-media-text__content\">\n<h2 class=\"wp-block-heading\">DOVE <\/h2>\n\n\n\n<p>Dove \u2013 tuotteet hoitavat sek\u00e4 puhdistavat ihoa ja hiuksia hell\u00e4varaisesti.<\/p>\n\n\n\n<p>Valikoimasta l\u00f6ytyy puhdistus-, ihonhoito, ja hiustenhoitotuotteita, sek\u00e4 antiperspirantteja. Dove ei k\u00e4yt\u00e4 tuotekehityksess\u00e4\u00e4n el\u00e4inkokeita.<\/p>\n\n\n\n<p><strong>Uudet Dove Advanced Care suihkusaippuat:\u00a0<\/strong><a href=\"https:\/\/www.dove.com\/fi\/dove-advanced-care.html\">Voidemaisen pehme\u00e4 iho 24 tunnin ajaksi, suoraan suihkusta.<\/a><\/p>\n\n\n\n<p><a href=\"https:\/\/www.dove.com\/fi\/dove-advanced-care.html\">Dove.com<\/a><\/p>\n<\/div><\/div>\n\n\n\n<div class=\"wp-block-media-text alignwide is-stacked-on-mobile\"><figure class=\"wp-block-media-text__media\"><img loading=\"lazy\" decoding=\"async\" width=\"508\" height=\"210\" src=\"https:\/\/muodostelmaluistelu.com\/wp-content\/uploads\/2025\/02\/LuckySkate_kulta_CMYK_3_-1.webp\" alt=\"Taitoluistelun erikoisliike Lucky Skate sijaitsee nyt Helsingin Pakilassa ja palvelee asiakkaita ma 12-19, ti-pe 11-18 ja la 10-14. Tervetuloa tutustumaan uudistettuun myym\u00e4l\u00e4\u00e4mme ja ihaniin uutuuksiimme. Verkkokauppamme www.luckyskate.fi on avoinna 24\/7.\n\nwww.luckyskate.fi\" class=\"wp-image-1474 size-full\" srcset=\"https:\/\/muodostelmaluistelu.com\/wp-content\/uploads\/2025\/02\/LuckySkate_kulta_CMYK_3_-1.webp 508w, https:\/\/muodostelmaluistelu.com\/wp-content\/uploads\/2025\/02\/LuckySkate_kulta_CMYK_3_-1-300x124.webp 300w\" sizes=\"auto, (max-width: 508px) 100vw, 508px\" \/><\/figure><div class=\"wp-block-media-text__content\">\n<h2 class=\"wp-block-heading\">LUCKY SKATE<\/h2>\n\n\n\n<p>Taitoluistelun erikoisliike Lucky Skate sijaitsee nyt Helsingin Pakilassa ja palvelee asiakkaita ma 12-19, ti-pe 11-18 ja la 10-14. Tervetuloa tutustumaan uudistettuun myym\u00e4l\u00e4\u00e4mme ja ihaniin uutuuksiimme. Verkkokauppamme<a href=\"https:\/\/luckyskate.fi\/\">\u00a0www.luckyskate.fi<\/a>\u00a0on avoinna 24\/7.<\/p>\n\n\n\n<p><a href=\"http:\/\/www.luckyskate.fi\/\">www.luckyskate.fi<\/a><\/p>\n<\/div><\/div>\n\n\n\n<div class=\"wp-block-media-text alignwide is-stacked-on-mobile\"><figure class=\"wp-block-media-text__media\"><img loading=\"lazy\" decoding=\"async\" width=\"1024\" height=\"727\" src=\"https:\/\/muodostelmaluistelu.com\/wp-content\/uploads\/2025\/01\/ainonkoru-1024x727.png\" alt=\"\" class=\"wp-image-1458 size-full\" srcset=\"https:\/\/muodostelmaluistelu.com\/wp-content\/uploads\/2025\/01\/ainonkoru-1024x727.png 1024w, https:\/\/muodostelmaluistelu.com\/wp-content\/uploads\/2025\/01\/ainonkoru-300x213.png 300w, https:\/\/muodostelmaluistelu.com\/wp-content\/uploads\/2025\/01\/ainonkoru-768x545.png 768w, https:\/\/muodostelmaluistelu.com\/wp-content\/uploads\/2025\/01\/ainonkoru.png 1156w\" sizes=\"auto, (max-width: 1024px) 100vw, 1024px\" \/><\/figure><div class=\"wp-block-media-text__content\">\n<h2 class=\"wp-block-heading\">AINON KORU<\/h2>\n\n\n\n<p>P\u00e4\u00e4aulassa myynniss\u00e4 Ainon suunnittelemat upeat luistinkorut! Erityisesti nyt myynniss\u00e4 \u201dWorld Synchro 2025\u201d -kisapinssi &#8211; t\u00e4ydellinen muisto tulevista koti MM-kisoista. Varmista omasi ennakkoon osoitteessa&nbsp;<a href=\"http:\/\/www.ainonkoru.com\/\" target=\"_blank\" rel=\"noreferrer noopener\">www.ainonkoru.com<\/a>&nbsp;ja ole kisahumussa askeleen edell\u00e4.<\/p>\n\n\n\n<p><\/p>\n<\/div><\/div>\n\n\n\n<div class=\"wp-block-media-text alignwide is-stacked-on-mobile\"><figure class=\"wp-block-media-text__media\"><img loading=\"lazy\" decoding=\"async\" width=\"1024\" height=\"203\" src=\"https:\/\/muodostelmaluistelu.com\/wp-content\/uploads\/2025\/02\/LOGO-4-1024x203.jpg\" alt=\"Korulinkki\" class=\"wp-image-1471 size-full\" srcset=\"https:\/\/muodostelmaluistelu.com\/wp-content\/uploads\/2025\/02\/LOGO-4-1024x203.jpg 1024w, https:\/\/muodostelmaluistelu.com\/wp-content\/uploads\/2025\/02\/LOGO-4-300x59.jpg 300w, https:\/\/muodostelmaluistelu.com\/wp-content\/uploads\/2025\/02\/LOGO-4-768x152.jpg 768w, https:\/\/muodostelmaluistelu.com\/wp-content\/uploads\/2025\/02\/LOGO-4.jpg 1122w\" sizes=\"auto, (max-width: 1024px) 100vw, 1024px\" \/><\/figure><div class=\"wp-block-media-text__content\">\n<h2 class=\"wp-block-heading\">KORULINKKI<\/h2>\n\n\n\n<p>Kauniit korut ja ihanat yll\u00e4tykset l\u00f6yd\u00e4t Korulinkin myyntip\u00f6yd\u00e4st\u00e4 &#8211; tule katsomaan p\u00e4\u00e4aulaan tai verkkokauppaamme<br><a href=\"https:\/\/www.korulinkki.fi\/\">www.korulinkki.fi<\/a><\/p>\n\n\n\n<p><\/p>\n<\/div><\/div>\n\n\n\n<p><\/p>\n\n\n\n<h2 class=\"wp-block-heading has-text-color has-link-color wp-elements-10df2f373c96631169d0d7dff1ba3087\" style=\"color:#0053a1\">Tuo yrityksesi mukaan tapahtumaan<\/h2>\n\n\n\n<p><strong>Kumppanuudet<\/strong><br>Ota yhteytt\u00e4 pasi.lehtinen@helsingintaitoluisteluklubi.com<\/p>\n\n\n\n<p><strong>Myyntip\u00f6yt\u00e4 \/ fanip\u00f6yt\u00e4<\/strong><br>200 \u20ac \/ 2 pv<br>100\u20ac \/ 1 pv&nbsp;<br>Ota yhteytt\u00e4 heidi.nyqvist@helsingintaitoluisteluklubi.com<\/p>\n\n\n\n<figure class=\"wp-block-image size-full is-resized\"><img loading=\"lazy\" decoding=\"async\" width=\"10414\" height=\"7463\" src=\"https:\/\/muodostelmaluistelu.com\/wp-content\/uploads\/2025\/01\/Primary_Skatingfinland_blue_pantone_99-16-.png\" alt=\"\" class=\"wp-image-1420\" style=\"width:840px;height:auto\" srcset=\"https:\/\/muodostelmaluistelu.com\/wp-content\/uploads\/2025\/01\/Primary_Skatingfinland_blue_pantone_99-16-.png 10414w, https:\/\/muodostelmaluistelu.com\/wp-content\/uploads\/2025\/01\/Primary_Skatingfinland_blue_pantone_99-16--300x215.png 300w, https:\/\/muodostelmaluistelu.com\/wp-content\/uploads\/2025\/01\/Primary_Skatingfinland_blue_pantone_99-16--1024x734.png 1024w, https:\/\/muodostelmaluistelu.com\/wp-content\/uploads\/2025\/01\/Primary_Skatingfinland_blue_pantone_99-16--768x550.png 768w, https:\/\/muodostelmaluistelu.com\/wp-content\/uploads\/2025\/01\/Primary_Skatingfinland_blue_pantone_99-16--1536x1101.png 1536w, https:\/\/muodostelmaluistelu.com\/wp-content\/uploads\/2025\/01\/Primary_Skatingfinland_blue_pantone_99-16--2048x1468.png 2048w\" sizes=\"auto, (max-width: 10414px) 100vw, 10414px\" \/><\/figure>\n\n\n\n<h2 class=\"wp-block-heading has-text-color\" style=\"color:#0053a1\"><strong>Suomen Taitoluisteluliiton yhteisty\u00f6kumppanit<\/strong><\/h2>\n\n\n\n<figure class=\"wp-block-image size-large\"><img loading=\"lazy\" decoding=\"async\" width=\"1024\" height=\"440\" src=\"https:\/\/muodostelmaluistelu.com\/wp-content\/uploads\/2024\/11\/stll-kumppanit-2024-1024x440.png\" alt=\"\" class=\"wp-image-1352\" srcset=\"https:\/\/muodostelmaluistelu.com\/wp-content\/uploads\/2024\/11\/stll-kumppanit-2024-1024x440.png 1024w, https:\/\/muodostelmaluistelu.com\/wp-content\/uploads\/2024\/11\/stll-kumppanit-2024-300x129.png 300w, https:\/\/muodostelmaluistelu.com\/wp-content\/uploads\/2024\/11\/stll-kumppanit-2024-768x330.png 768w, https:\/\/muodostelmaluistelu.com\/wp-content\/uploads\/2024\/11\/stll-kumppanit-2024.png 1117w\" sizes=\"auto, (max-width: 1024px) 100vw, 1024px\" \/><\/figure>\n","protected":false},"excerpt":{"rendered":"<p>Helsingin taitoluisteluklubin yhteisty\u00f6kumppanit LADYT Ladyt Myyrm\u00e4ki ja Kannelm\u00e4ki tarjoaa monipuoliset kuntosali- ja kuntokeskuspalvelut naisille. Molemmat keskukset sijaitsevat juna-asemien vierell\u00e4 hyvien kulkuyhteyksien varrella. Palveluistamme l\u00f6ytyy vaikuttava ryhm\u00e4liikuntakattaus, monipuolinen kuntosali, personal training, sauna, infrapunasauna, hierovat tuolit ja aamupala. Lis\u00e4ksi SLIMYONIK -hierontahoito ja NEUROSONIC -rentoutushoito. Verkkosivuiltamme bongaat ajankohtaiset tiedot ja huikeat tarjoukset! www.ladyt.fi &nbsp;www.facebook.com\/Ladyt.fi DOVE Dove \u2013 tuotteet [&hellip;]<\/p>\n","protected":false},"author":1,"featured_media":0,"parent":0,"menu_order":0,"comment_status":"closed","ping_status":"closed","template":"","meta":{"footnotes":""},"class_list":["post-199","page","type-page","status-publish","hentry"],"_links":{"self":[{"href":"https:\/\/muodostelmaluistelu.com\/index.php?rest_route=\/wp\/v2\/pages\/199","targetHints":{"allow":["GET"]}}],"collection":[{"href":"https:\/\/muodostelmaluistelu.com\/index.php?rest_route=\/wp\/v2\/pages"}],"about":[{"href":"https:\/\/muodostelmaluistelu.com\/index.php?rest_route=\/wp\/v2\/types\/page"}],"author":[{"embeddable":true,"href":"https:\/\/muodostelmaluistelu.com\/index.php?rest_route=\/wp\/v2\/users\/1"}],"replies":[{"embeddable":true,"href":"https:\/\/muodostelmaluistelu.com\/index.php?rest_route=%2Fwp%2Fv2%2Fcomments&post=199"}],"version-history":[{"count":149,"href":"https:\/\/muodostelmaluistelu.com\/index.php?rest_route=\/wp\/v2\/pages\/199\/revisions"}],"predecessor-version":[{"id":1539,"href":"https:\/\/muodostelmaluistelu.com\/index.php?rest_route=\/wp\/v2\/pages\/199\/revisions\/1539"}],"wp:attachment":[{"href":"https:\/\/muodostelmaluistelu.com\/index.php?rest_route=%2Fwp%2Fv2%2Fmedia&parent=199"}],"curies":[{"name":"wp","href":"https:\/\/api.w.org\/{rel}","templated":true}]}}