{"id":197,"date":"2021-09-12T10:53:03","date_gmt":"2021-09-12T10:53:03","guid":{"rendered":"https:\/\/muodostelmaluistelu.com\/?page_id=197"},"modified":"2025-02-22T08:29:38","modified_gmt":"2025-02-22T08:29:38","slug":"liput","status":"publish","type":"page","link":"https:\/\/muodostelmaluistelu.com\/?page_id=197","title":{"rendered":"Liput"},"content":{"rendered":"\n<h2 class=\"wp-block-heading has-text-color\" style=\"color:#0053a1\">LIPUT ENNAKKOON<\/h2>\n\n\n\n<p>Tule nauttimaan Suomen suurimmasta muodostelmaluistelutapahtumasta &#8211; kaksi p\u00e4iv\u00e4\u00e4 &#8211; 91 joukkuetta &#8211; l\u00e4hes 2 000 luistelijaa j\u00e4\u00e4ll\u00e4. Osta lippusi Muodostelmaluistelun kansallisten sarjojen Loppukilpailuun ja SM-sarjojen Hopeafinaaliin!<\/p>\n\n\n\n<p><a href=\"https:\/\/htk.eventiolive.fi\">https:\/\/htk.eventiolive.fi<\/a><\/p>\n\n\n\n<h2 class=\"wp-block-heading has-text-color\" style=\"color:#0053a1\">LIPPUJEN HINNAT<\/h2>\n\n\n\n<figure class=\"wp-block-table\"><table class=\"has-fixed-layout\"><tbody><tr><td>All Event Aikuinen &#8211; lauantai ja sunnuntailippu<\/td><td>30,00&nbsp;\u20ac<\/td><\/tr><tr><td>All Event Lapsi (7-15 v), Opiskelijat, El\u00e4kel\u00e4iset<\/td><td>15,00&nbsp;\u20ac<\/td><\/tr><tr><td>Lauantailippu Aikuinen<\/td><td>20,00&nbsp;\u20ac<\/td><\/tr><tr><td>Lauantailippu Lapsi (7-15 v), Opiskelijat, El\u00e4kel\u00e4iset<\/td><td>10,00&nbsp;\u20ac<\/td><\/tr><tr><td>Lauantailippu Perhe (2 aik + 2 lasta)<\/td><td>50,00&nbsp;\u20ac<\/td><\/tr><tr><td>Lauantai Joukkuelippu (kun 6-20 hl\u00f6 joukkuevarusteissa)<\/td><td>10,00&nbsp;\u20ac<\/td><\/tr><tr><td>Sunnuntai Aikuinen<\/td><td>20,00&nbsp;\u20ac<\/td><\/tr><tr><td>Sunnuntai Lapsi (7-15 v), Opiskelijat, El\u00e4kel\u00e4iset<\/td><td>10,00&nbsp;\u20ac<\/td><\/tr><tr><td>Sunnuntai Perhe (2 aik + 2 lasta)<\/td><td>50,00&nbsp;\u20ac<\/td><\/tr><tr><td>Sunnuntai Joukkuelippu (kun 6-20 hl\u00f6 joukkuevarusteissa)<\/td><td>10,00&nbsp;\u20ac<\/td><\/tr><\/tbody><\/table><\/figure>\n\n\n\n<p><\/p>\n\n\n\n<p>Lippujen hinnat ovat ovelta ostettuna 5 \u20ac  ennakkomyyntihintoja korkeammat, ja maksuv\u00e4lineen\u00e4 k\u00e4y ainoastaan korttimaksu tai MobilePay.<\/p>\n\n\n\n<p><strong>Saatavilla vain ennakkoon nettimyynniss\u00e4:<\/strong><br>50 \u20ac perhelippu (2 aikuista + 2 lasta)<br>10 \u20ac joukkuelippu (kertaostos v\u00e4hint\u00e4\u00e4n 6 kpl, enint\u00e4\u00e4n 20 kpl; kilpailuihin saavutaan joukkuevaatteissa).<\/p>\n\n\n\n<p>Tervetuloa paikan p\u00e4\u00e4lle!<\/p>\n\n\n\n<h2 class=\"wp-block-heading\"><\/h2>\n","protected":false},"excerpt":{"rendered":"<p>LIPUT ENNAKKOON Tule nauttimaan Suomen suurimmasta muodostelmaluistelutapahtumasta &#8211; kaksi p\u00e4iv\u00e4\u00e4 &#8211; 91 joukkuetta &#8211; l\u00e4hes 2 000 luistelijaa j\u00e4\u00e4ll\u00e4. Osta lippusi Muodostelmaluistelun kansallisten sarjojen Loppukilpailuun ja SM-sarjojen Hopeafinaaliin! https:\/\/htk.eventiolive.fi LIPPUJEN HINNAT All Event Aikuinen &#8211; lauantai ja sunnuntailippu 30,00&nbsp;\u20ac All Event Lapsi (7-15 v), Opiskelijat, El\u00e4kel\u00e4iset 15,00&nbsp;\u20ac Lauantailippu Aikuinen 20,00&nbsp;\u20ac Lauantailippu Lapsi (7-15 v), Opiskelijat, [&hellip;]<\/p>\n","protected":false},"author":1,"featured_media":0,"parent":0,"menu_order":0,"comment_status":"closed","ping_status":"closed","template":"","meta":{"footnotes":""},"class_list":["post-197","page","type-page","status-publish","hentry"],"_links":{"self":[{"href":"https:\/\/muodostelmaluistelu.com\/index.php?rest_route=\/wp\/v2\/pages\/197","targetHints":{"allow":["GET"]}}],"collection":[{"href":"https:\/\/muodostelmaluistelu.com\/index.php?rest_route=\/wp\/v2\/pages"}],"about":[{"href":"https:\/\/muodostelmaluistelu.com\/index.php?rest_route=\/wp\/v2\/types\/page"}],"author":[{"embeddable":true,"href":"https:\/\/muodostelmaluistelu.com\/index.php?rest_route=\/wp\/v2\/users\/1"}],"replies":[{"embeddable":true,"href":"https:\/\/muodostelmaluistelu.com\/index.php?rest_route=%2Fwp%2Fv2%2Fcomments&post=197"}],"version-history":[{"count":117,"href":"https:\/\/muodostelmaluistelu.com\/index.php?rest_route=\/wp\/v2\/pages\/197\/revisions"}],"predecessor-version":[{"id":1495,"href":"https:\/\/muodostelmaluistelu.com\/index.php?rest_route=\/wp\/v2\/pages\/197\/revisions\/1495"}],"wp:attachment":[{"href":"https:\/\/muodostelmaluistelu.com\/index.php?rest_route=%2Fwp%2Fv2%2Fmedia&parent=197"}],"curies":[{"name":"wp","href":"https:\/\/api.w.org\/{rel}","templated":true}]}}