{"id":194,"date":"2021-09-12T10:52:48","date_gmt":"2021-09-12T10:52:48","guid":{"rendered":"https:\/\/muodostelmaluistelu.com\/?page_id=194"},"modified":"2025-03-05T09:35:37","modified_gmt":"2025-03-05T09:35:37","slug":"joukkueille","status":"publish","type":"page","link":"https:\/\/muodostelmaluistelu.com\/?page_id=194","title":{"rendered":"Joukkueille"},"content":{"rendered":"\n<p>Tervetuloa kisaamaan Helsingin j\u00e4\u00e4hallille! T\u00e4rkeimm\u00e4t kilpailuun liittyv\u00e4t tiedot l\u00f6yd\u00e4t kilpailuvahvistuksesta ja sen liitteist\u00e4.<\/p>\n\n\n\n<h2 class=\"wp-block-heading has-text-color\" style=\"color:#0053a1\">LUISTELUJ\u00c4RJESTYS<\/h2>\n\n\n\n<p>Luisteluj\u00e4rjestys on arvottu 27.2.2025 <\/p>\n\n\n\n<p><a href=\"https:\/\/muodostelmaluistelu.com\/wp-content\/uploads\/2025\/02\/Lauantai-aikataulu-joukkueilla-3.pdf\" data-type=\"link\" data-id=\"https:\/\/muodostelmaluistelu.com\/wp-content\/uploads\/2025\/02\/Lauantai-aikataulu-joukkueilla-3.pdf\">LAUANTAIN LUISTELUJ\u00c4RJESTYS<\/a><\/p>\n\n\n\n<p><a href=\"https:\/\/muodostelmaluistelu.com\/wp-content\/uploads\/2025\/02\/Sunnuntai-aikataulu-joukkueilla-2.pdf\" data-type=\"link\" data-id=\"https:\/\/muodostelmaluistelu.com\/wp-content\/uploads\/2025\/02\/Sunnuntai-aikataulu-joukkueilla-2.pdf\">SUNNUNTAIN LUISTELUJ\u00c4RJESTYS<\/a><\/p>\n\n\n\n<p>Kilpailuun osallistuu 91 joukkuetta: <a href=\"https:\/\/muodostelmaluistelu.com\/wp-content\/uploads\/2025\/02\/Osallistuvat-joukkueet.pdf\">Osallistuvat joukkueet<\/a><\/p>\n\n\n\n<h2 class=\"wp-block-heading has-text-color\" style=\"color:#0053a1\">AIKATAULU<\/h2>\n\n\n\n<p><strong>Lauantaina kilpailevat <\/strong><br>10.00 Aikuiset (mupi-arviointi) <br>11.50 Noviisit (ISU-arviointi)<br>12.30 Palkintojenjako Aikuiset<br>15.20 Seniorit (ISU-arviointi)<br>15.50 Palkintojenjako Noviisit<br>17.06 Masters-sarja (ISU-arviointi)<br>18.30<strong> <\/strong>Palkintojenjako Seniorit ja Masters<br><br><a href=\"https:\/\/muodostelmaluistelu.com\/wp-content\/uploads\/2025\/02\/Lauantai-minuuttiaikataulu.pdf\" data-type=\"link\" data-id=\"https:\/\/muodostelmaluistelu.com\/wp-content\/uploads\/2025\/02\/Lauantai-minuuttiaikataulu.pdf\">Lauantain minuuttiaikataulu<br><\/a><br><strong>Sunnuntaina kilpailevat <\/strong><br>10.00 Minorit (ISU-arviointi)<br>13.14 Juniorit (ISU-arviointi)<br>13.50 Palkintojenjako Minorit<br>16.00 SM-juniorit Hopeafinaalissa vapaaohjelmilla (ISU-arviointi)<br>16.26 SM-noviisit Hopeafinaalissa (ISU-arviointi)<br>17.00 Palkintojenjako Juniorit, SM-juniorit ja SMnoviisit<\/p>\n\n\n\n<p><a href=\"https:\/\/muodostelmaluistelu.com\/wp-content\/uploads\/2025\/02\/Sunnuntai-minuuttiaikataulu-Paivitetty-2102.pdf\">Sunnuntain minuuttiaikataulu<\/a><\/p>\n\n\n\n<p>Aikataulumuutokset ovat mahdollisia.<\/p>\n\n\n\n<h2 class=\"wp-block-heading has-text-color\" style=\"color:#0053a1\">KILPAILUKUTSU<\/h2>\n\n\n\n<p><a href=\"https:\/\/muodostelmaluistelu.com\/wp-content\/uploads\/2025\/01\/Kilpailukutsu-ML-kansallisten-sarjojen-3.-kilpailu-ja-sm-sarjojen-hopeafinaali.pdf\">Kilpailukutsu ML Kansallisten Loppukilpailu ja SM-sarjojen Hopeafinaali 2025<\/a><\/p>\n\n\n\n<h2 class=\"wp-block-heading has-text-color\" style=\"color:#0053a1\">Sis\u00e4\u00e4nk\u00e4ynti ja kulkeminen hallilla<\/h2>\n\n\n\n<p>Joukkueiden sis\u00e4\u00e4nk\u00e4ynti on D-ovista, parkkipaikan puoleisesta p\u00e4\u00e4dyst\u00e4. Akreditointi tapahtuu kilpailutoimistossa D-ovien v\u00e4litt\u00f6m\u00e4ss\u00e4 l\u00e4heisyydess\u00e4 30 min ennen l\u00e4mmittelyn alkua. Joukkueiden l\u00e4mmittelytilat ovat j\u00e4\u00e4hallin kolmoskerroksessa.<\/p>\n\n\n\n<p>Joukkueet voivat seurata kilpailua oman esiintymisens\u00e4 j\u00e4lkeen.  Kisatoimisto kertoo ilmoittautumisen yhteydess\u00e4 joukkueiden katsomon.<\/p>\n\n\n\n<div data-wp-interactive=\"core\/file\" class=\"wp-block-file\"><object data-wp-bind--hidden=\"!state.hasPdfPreview\" hidden class=\"wp-block-file__embed\" data=\"https:\/\/muodostelmaluistelu.com\/wp-content\/uploads\/2025\/02\/Kartta-joukkueille_Loppukisa-2025.pdf\" type=\"application\/pdf\" style=\"width:100%;height:600px\" aria-label=\"Tiedoston Kartta joukkueille_Loppukisa 2025 upotus.\"><\/object><a id=\"wp-block-file--media-42a6809f-ef99-4785-9971-0d94f0ef8cac\" href=\"https:\/\/muodostelmaluistelu.com\/wp-content\/uploads\/2025\/02\/Kartta-joukkueille_Loppukisa-2025.pdf\">Kartta joukkueille_Loppukisa 2025<\/a><a href=\"https:\/\/muodostelmaluistelu.com\/wp-content\/uploads\/2025\/02\/Kartta-joukkueille_Loppukisa-2025.pdf\" class=\"wp-block-file__button wp-element-button\" download aria-describedby=\"wp-block-file--media-42a6809f-ef99-4785-9971-0d94f0ef8cac\">Lataa<\/a><\/div>\n\n\n\n<h2 class=\"wp-block-heading has-text-color\" style=\"color:#0053a1\">Palkintojenjako<\/h2>\n\n\n\n<p>Palkintojenjako kolmelle parhaalle joukkueelle j\u00e4rjestet\u00e4\u00e4n D-katsomossa j\u00e4\u00e4dytystauoilla ja p\u00e4iv\u00e4n p\u00e4\u00e4tteeksi.<\/p>\n\n\n\n<h2 class=\"wp-block-heading has-text-color\" style=\"color:#0053a1\">Yhteystiedot<\/h2>\n\n\n\n<p>Kilpailun johtajat<br>HTK<br>Hannamari Meklin <br>hannamari.meklin@helsingintaitoluisteluklubi.com<br><\/p>\n","protected":false},"excerpt":{"rendered":"<p>Tervetuloa kisaamaan Helsingin j\u00e4\u00e4hallille! T\u00e4rkeimm\u00e4t kilpailuun liittyv\u00e4t tiedot l\u00f6yd\u00e4t kilpailuvahvistuksesta ja sen liitteist\u00e4. LUISTELUJ\u00c4RJESTYS Luisteluj\u00e4rjestys on arvottu 27.2.2025 LAUANTAIN LUISTELUJ\u00c4RJESTYS SUNNUNTAIN LUISTELUJ\u00c4RJESTYS Kilpailuun osallistuu 91 joukkuetta: Osallistuvat joukkueet AIKATAULU Lauantaina kilpailevat 10.00 Aikuiset (mupi-arviointi) 11.50 Noviisit (ISU-arviointi)12.30 Palkintojenjako Aikuiset15.20 Seniorit (ISU-arviointi)15.50 Palkintojenjako Noviisit17.06 Masters-sarja (ISU-arviointi)18.30 Palkintojenjako Seniorit ja Masters Lauantain minuuttiaikatauluSunnuntaina kilpailevat 10.00 Minorit (ISU-arviointi)13.14 [&hellip;]<\/p>\n","protected":false},"author":1,"featured_media":0,"parent":0,"menu_order":0,"comment_status":"closed","ping_status":"closed","template":"","meta":{"footnotes":""},"class_list":["post-194","page","type-page","status-publish","hentry"],"_links":{"self":[{"href":"https:\/\/muodostelmaluistelu.com\/index.php?rest_route=\/wp\/v2\/pages\/194","targetHints":{"allow":["GET"]}}],"collection":[{"href":"https:\/\/muodostelmaluistelu.com\/index.php?rest_route=\/wp\/v2\/pages"}],"about":[{"href":"https:\/\/muodostelmaluistelu.com\/index.php?rest_route=\/wp\/v2\/types\/page"}],"author":[{"embeddable":true,"href":"https:\/\/muodostelmaluistelu.com\/index.php?rest_route=\/wp\/v2\/users\/1"}],"replies":[{"embeddable":true,"href":"https:\/\/muodostelmaluistelu.com\/index.php?rest_route=%2Fwp%2Fv2%2Fcomments&post=194"}],"version-history":[{"count":153,"href":"https:\/\/muodostelmaluistelu.com\/index.php?rest_route=\/wp\/v2\/pages\/194\/revisions"}],"predecessor-version":[{"id":1527,"href":"https:\/\/muodostelmaluistelu.com\/index.php?rest_route=\/wp\/v2\/pages\/194\/revisions\/1527"}],"wp:attachment":[{"href":"https:\/\/muodostelmaluistelu.com\/index.php?rest_route=%2Fwp%2Fv2%2Fmedia&parent=194"}],"curies":[{"name":"wp","href":"https:\/\/api.w.org\/{rel}","templated":true}]}}