{"id":175,"date":"2020-09-15T18:51:24","date_gmt":"2020-09-15T15:51:24","guid":{"rendered":"https:\/\/dev.vaihe.fi\/htk-wordpress\/?page_id=175"},"modified":"2025-02-25T14:22:23","modified_gmt":"2025-02-25T14:22:23","slug":"yhteystiedot","status":"publish","type":"page","link":"https:\/\/muodostelmaluistelu.com\/?page_id=175","title":{"rendered":"KISAINFO"},"content":{"rendered":"\n<h2 class=\"wp-block-heading\"><mark style=\"background-color:rgba(0, 0, 0, 0);color:#0053a1\" class=\"has-inline-color\">Tulokset<\/mark><\/h2>\n\n\n\n<ul class=\"wp-block-list\">\n<li><strong><a href=\"https:\/\/www.figureskatingresults.fi\/results\/2425\/ML080325HTK\/index.htm\">Linkki tuloksiin<\/a><\/strong> <\/li>\n<\/ul>\n\n\n\n<h2 class=\"wp-block-heading\"><mark style=\"background-color:rgba(0, 0, 0, 0);color:#0053a1\" class=\"has-inline-color\">Aikataulu<\/mark><\/h2>\n\n\n\n<p>Kilpailut alkavat lauantaina ja sunnuntaina kello 10.<br><br><strong>Lauantaina kilpailevat <\/strong><br>10.00 Aikuiset (mupi-arviointi) <br>11.50 Noviisit (ISU-arviointi)<br>12.30 Palkintojenjako Aikuiset<br>15.20 Seniorit (ISU-arviointi)<br>15.50 Palkintojenjako Noviisit<br>17.05 Masters-sarja (ISU-arviointi)<br>18.30<strong> <\/strong>Palkintojenjako Seniorit ja Masters<br><br><strong>Sunnuntaina kilpailevat <\/strong><br>10.00 Minorit (ISU-arviointi)<br>13.14 Juniorit (ISU-arviointi)<br>13.50 Palkintojenjako Minorit<br>16.15 SM-juniorit Hopeafinaalissa vapaaohjelmilla (ISU-arviointi)<br>16.40 SM-noviisit Hopeafinaalissa (ISU-arviointi)<br>17.10 Palkintojenjako Juniorit, SM-juniorit ja SMnoviisit<\/p>\n\n\n\n<p>Aikataulumuutokset ovat mahdollisia.<\/p>\n\n\n\n<h2 class=\"wp-block-heading\"><mark style=\"background-color:rgba(0, 0, 0, 0);color:#0053a1\" class=\"has-inline-color\">Kilpailut somessa<\/mark><\/h2>\n\n\n\n<p>Seuraa kisoja Instagramissa @mlkansalliset<\/p>\n\n\n\n<h2 class=\"wp-block-heading\"><mark style=\"background-color:rgba(0, 0, 0, 0);color:#0053a1\" class=\"has-inline-color\">Parkkipaikat ja julkinen liikenne<\/mark><\/h2>\n\n\n\n<p>Liikenneyhteydet Helsingin j\u00e4\u00e4hallille ovat erinomaiset, ja paikalle p\u00e4\u00e4see helposti julkisilla. Raitiovaunu 4 ja 10 sek\u00e4 useat Elielinaukiolta l\u00e4htev\u00e4t bussit pys\u00e4htyv\u00e4t Kansanel\u00e4kelaitoksen pys\u00e4kill\u00e4, josta on noin 400 metrin k\u00e4velymatka J\u00e4\u00e4hallille. Sopivan reitin ja aikataulun etsinn\u00e4ss\u00e4 auttaa HSL:n&nbsp;<strong><a href=\"https:\/\/www.hsl.fi\/\">Reittiopas.<\/a><\/strong><\/p>\n\n\n\n<p>Tapahtumap\u00e4ivin\u00e4 pys\u00e4k\u00f6inti Helsingin j\u00e4\u00e4hallilla on maksullista ja parkkitilaa on rajallisesti. Pys\u00e4k\u00f6inti maksetaan etuk\u00e4teen ison parkkipaikan automaateilla, jotka l\u00f6ytyv\u00e4t parkkialueelta j\u00e4\u00e4halille johtavien portaiden luota. Maksettu lippu j\u00e4tet\u00e4\u00e4n autoon n\u00e4kyv\u00e4lle paikalle. Pys\u00e4k\u00f6innin voi maksaa my\u00f6s puhelimen EasyPark- tai ParkMan-sovellusten avulla. <br><\/p>\n\n\n\n<h2 class=\"wp-block-heading\"><mark style=\"background-color:rgba(0, 0, 0, 0);color:#0053a1\" class=\"has-inline-color\">Sis\u00e4\u00e4ntulo ja liikkuminen hallilla<\/mark><\/h2>\n\n\n\n<p>Yleis\u00f6 tulee sis\u00e4\u00e4n hallille Nordenski\u00f6ldinkadun varrella sijaitsevilta p\u00e4\u00e4ovilta.<\/p>\n\n\n\n<p>Helsingin j\u00e4\u00e4halli, Nordenski\u00f6ldinkatu 11-13, 00250 Helsinki<\/p>\n\n\n\n<p>Tapahtumapaikalla myyd\u00e4\u00e4n lippuja, mutta suosittelemme ostamaan liput etuk\u00e4teen ruuhkien v\u00e4ltt\u00e4miseksi.<\/p>\n\n\n\n<h2 class=\"wp-block-heading\"><mark style=\"background-color:rgba(0, 0, 0, 0);color:#0053a1\" class=\"has-inline-color\">Sy\u00f6 ja juo<\/mark><\/h2>\n\n\n\n<p>Helsingin J\u00e4\u00e4hallilla palvelevat RedEventsin fast food -kioskit.<\/p>\n\n\n\n<h2 class=\"wp-block-heading\"><mark style=\"background-color:rgba(0, 0, 0, 0);color:#0053a1\" class=\"has-inline-color\">Myyntip\u00f6yd\u00e4t<\/mark><\/h2>\n\n\n\n<p>Kisaviikonloppuna hallilla palvelevat Lucky Skate, Ainon koru ja Korulinkki sek\u00e4 Helsinki Rockettesin myyntipiste. L\u00f6yd\u00e4t t\u00e4ydennyst\u00e4 luisteluvarusteisiin, treenaamiseen ja fanittamiseen!<\/p>\n\n\n\n<p>Haluatko yrityksesi mukaan? Myyntip\u00f6yt\u00e4tiedustelut heidi.nyqvist (at) helsingintaitoluisteluklubi.com<\/p>\n\n\n\n<h2 class=\"wp-block-heading\"><mark style=\"background-color:rgba(0, 0, 0, 0);color:#0053a1\" class=\"has-inline-color\">Lahjakassit ja kukat<\/mark><\/h2>\n\n\n\n<p>Onnittele luistelijaa katsomossa suorituksen j\u00e4lkeen. Lahjakasseja ei ole k\u00e4yt\u00f6ss\u00e4 eik\u00e4 muodostelmaluistelukilpailuissa lahjoja ja kukkia heitet\u00e4 heitet\u00e4 j\u00e4\u00e4lle.<\/p>\n\n\n\n<h2 class=\"wp-block-heading\"><mark style=\"background-color:rgba(0, 0, 0, 0);color:#0053a1\" class=\"has-inline-color\">L\u00f6yt\u00f6tavarat<\/mark><\/h2>\n\n\n\n<p>L\u00f6yt\u00f6tavaroita voi kysell\u00e4 kisatoimistosta D-sis\u00e4\u00e4nk\u00e4ynnin luota ja my\u00f6hemmin j\u00e4\u00e4hallin infosta.<\/p>\n\n\n\n<h2 class=\"wp-block-heading\"><mark style=\"background-color:rgba(0, 0, 0, 0);color:#0053a1\" class=\"has-inline-color\">Ensiapu<\/mark><\/h2>\n\n\n\n<p>Ensiaputiimi p\u00e4ivyst\u00e4\u00e4 Helsingin j\u00e4\u00e4hallilla kisojen ajan.<\/p>\n\n\n\n<p><\/p>\n","protected":false},"excerpt":{"rendered":"<p>Tulokset Aikataulu Kilpailut alkavat lauantaina ja sunnuntaina kello 10. Lauantaina kilpailevat 10.00 Aikuiset (mupi-arviointi) 11.50 Noviisit (ISU-arviointi)12.30 Palkintojenjako Aikuiset15.20 Seniorit (ISU-arviointi)15.50 Palkintojenjako Noviisit17.05 Masters-sarja (ISU-arviointi)18.30 Palkintojenjako Seniorit ja Masters Sunnuntaina kilpailevat 10.00 Minorit (ISU-arviointi)13.14 Juniorit (ISU-arviointi)13.50 Palkintojenjako Minorit16.15 SM-juniorit Hopeafinaalissa vapaaohjelmilla (ISU-arviointi)16.40 SM-noviisit Hopeafinaalissa (ISU-arviointi)17.10 Palkintojenjako Juniorit, SM-juniorit ja SMnoviisit Aikataulumuutokset ovat mahdollisia. Kilpailut somessa [&hellip;]<\/p>\n","protected":false},"author":1,"featured_media":0,"parent":0,"menu_order":0,"comment_status":"closed","ping_status":"closed","template":"","meta":{"footnotes":""},"class_list":["post-175","page","type-page","status-publish","hentry"],"_links":{"self":[{"href":"https:\/\/muodostelmaluistelu.com\/index.php?rest_route=\/wp\/v2\/pages\/175","targetHints":{"allow":["GET"]}}],"collection":[{"href":"https:\/\/muodostelmaluistelu.com\/index.php?rest_route=\/wp\/v2\/pages"}],"about":[{"href":"https:\/\/muodostelmaluistelu.com\/index.php?rest_route=\/wp\/v2\/types\/page"}],"author":[{"embeddable":true,"href":"https:\/\/muodostelmaluistelu.com\/index.php?rest_route=\/wp\/v2\/users\/1"}],"replies":[{"embeddable":true,"href":"https:\/\/muodostelmaluistelu.com\/index.php?rest_route=%2Fwp%2Fv2%2Fcomments&post=175"}],"version-history":[{"count":15,"href":"https:\/\/muodostelmaluistelu.com\/index.php?rest_route=\/wp\/v2\/pages\/175\/revisions"}],"predecessor-version":[{"id":1504,"href":"https:\/\/muodostelmaluistelu.com\/index.php?rest_route=\/wp\/v2\/pages\/175\/revisions\/1504"}],"wp:attachment":[{"href":"https:\/\/muodostelmaluistelu.com\/index.php?rest_route=%2Fwp%2Fv2%2Fmedia&parent=175"}],"curies":[{"name":"wp","href":"https:\/\/api.w.org\/{rel}","templated":true}]}}